{"id":109,"date":"2022-10-17T09:30:07","date_gmt":"2022-10-17T09:30:07","guid":{"rendered":"https:\/\/demo.vivathemes.com\/vignette\/?page_id=109"},"modified":"2026-03-10T21:08:45","modified_gmt":"2026-03-10T21:08:45","slug":"home","status":"publish","type":"page","link":"https:\/\/www.zarzecka.pl\/","title":{"rendered":"Strona g\u0142\u00f3wna"},"content":{"rendered":"<div class=\"wp-block-columns\">\n\n\n<div class=\"wp-block-column innerwrapper is-layout-flow wp-block-column-is-layout-flow\">\n\n<div class=\"wp-block-group partners animated fadeIn delay-500 is-layout-flow wp-block-group-is-layout-flow\">\n\n<h2 class=\"wp-block-heading has-text-align-center has-secondary-color has-text-color\" style=\"font-style:normal;font-weight:600\">Partnerzy<\/h2>\n\n\n<div class=\"wp-block-group is-content-justification-center is-nowrap is-layout-flex wp-container-core-group-is-layout-23441af8 wp-block-group-is-layout-flex\">\n\n<figure class=\"wp-block-gallery has-nested-images columns-default is-cropped wp-block-gallery-1 is-layout-flex wp-block-gallery-is-layout-flex\">\n\n<figure class=\"wp-block-image size-full is-resized is-style-default\"><img loading=\"lazy\" decoding=\"async\" width=\"191\" height=\"194\" data-id=\"433\" src=\"https:\/\/www.zarzecka.pl\/wp-content\/uploads\/2024\/10\/PF_logo.png\" alt=\"\" class=\"wp-image-433\"\/><\/figure>\n\n<\/figure>\n\n\n<figure class=\"wp-block-image size-full is-resized is-style-default\"><img loading=\"lazy\" decoding=\"async\" width=\"222\" height=\"120\" src=\"https:\/\/www.zarzecka.pl\/wp-content\/uploads\/2024\/10\/EL_logo.png\" alt=\"\" class=\"wp-image-434\"\/><\/figure>\n\n\n<figure class=\"wp-block-image size-full is-resized is-style-default\"><img loading=\"lazy\" decoding=\"async\" width=\"1280\" height=\"288\" src=\"http:\/\/83.0.252.186\/zarzecka\/wp-content\/uploads\/2024\/11\/casamance-group.png\" alt=\"\" class=\"wp-image-580\" style=\"width:182px;height:auto\" srcset=\"https:\/\/www.zarzecka.pl\/wp-content\/uploads\/2024\/11\/casamance-group.png 1280w, https:\/\/www.zarzecka.pl\/wp-content\/uploads\/2024\/11\/casamance-group-300x68.png 300w, https:\/\/www.zarzecka.pl\/wp-content\/uploads\/2024\/11\/casamance-group-1024x230.png 1024w, https:\/\/www.zarzecka.pl\/wp-content\/uploads\/2024\/11\/casamance-group-768x173.png 768w, https:\/\/www.zarzecka.pl\/wp-content\/uploads\/2024\/11\/casamance-group-800x180.png 800w\" sizes=\"auto, (max-width: 1280px) 100vw, 1280px\" \/><\/figure>\n\n\n<figure class=\"wp-block-image size-full is-resized is-style-default\"><img loading=\"lazy\" decoding=\"async\" width=\"400\" height=\"107\" src=\"http:\/\/83.0.252.186\/zarzecka\/wp-content\/uploads\/2024\/11\/Nobilis-Paris-logo-400x107-1.png\" alt=\"\" class=\"wp-image-525\" style=\"width:171px;height:auto\" srcset=\"https:\/\/www.zarzecka.pl\/wp-content\/uploads\/2024\/11\/Nobilis-Paris-logo-400x107-1.png 400w, https:\/\/www.zarzecka.pl\/wp-content\/uploads\/2024\/11\/Nobilis-Paris-logo-400x107-1-300x80.png 300w\" sizes=\"auto, (max-width: 400px) 100vw, 400px\" \/><\/figure>\n\n\n<figure class=\"wp-block-image size-full is-resized is-style-default\"><img loading=\"lazy\" decoding=\"async\" width=\"310\" height=\"100\" src=\"http:\/\/83.0.252.186\/zarzecka\/wp-content\/uploads\/2024\/11\/osborne-and-little-logo.jpg\" alt=\"\" class=\"wp-image-526\" style=\"width:200px;height:auto\" srcset=\"https:\/\/www.zarzecka.pl\/wp-content\/uploads\/2024\/11\/osborne-and-little-logo.jpg 310w, https:\/\/www.zarzecka.pl\/wp-content\/uploads\/2024\/11\/osborne-and-little-logo-300x97.jpg 300w\" sizes=\"auto, (max-width: 310px) 100vw, 310px\" \/><\/figure>\n\n<\/div>\n\n<\/div>\n\n\n<div style=\"height:20px\" aria-hidden=\"true\" class=\"wp-block-spacer\"><\/div>\n\n\n<hr class=\"wp-block-separator has-alpha-channel-opacity animated widthOut delay-500 is-style-default\"\/>\n\n\n<h2 class=\"wp-block-heading has-text-align-center has-secondary-color has-text-color has-link-color wp-elements-94238df52b7b7edcf0e2a64fa4e871b6\">Zainspiruj si\u0119<\/h2>\n\n<ul class=\"wp-block-latest-posts__list has-dates has-author wp-block-latest-posts\"><li><a class=\"wp-block-latest-posts__post-title\" href=\"https:\/\/www.zarzecka.pl\/?p=1168\">Le Jardin d&#8217;Alo\u00e8s \u2013 rze\u017abiarski ogr\u00f3d na \u015bcianie. Luksus, faktura i sztuka we wn\u0119trzach<\/a><div class=\"wp-block-latest-posts__post-author\">by Magdalena Zarzecka-Stolarczyk<\/div><time datetime=\"2025-12-02T10:11:17+00:00\" class=\"wp-block-latest-posts__post-date\">December 2, 2025<\/time><div class=\"wp-block-latest-posts__post-excerpt\">S\u0105 takie kolekcje, kt\u00f3re od pierwszego spojrzenia poruszaj\u0105 zmys\u0142y. \u201eLe Jardin d\u2019Alo\u00e8s\u201d od \u00c9litis jest jedn\u0105 z nich \u2014 to po\u0142\u0105czenie nowoczesnej estetyki, mistrzowskiego rzemios\u0142a oraz materia\u0142\u00f3w, kt\u00f3re tworz\u0105 prawdziwie artystyczne wra\u017cenie we wn\u0119trzu. To kolekcja, obok kt\u00f3rej nie spos\u00f3b przej\u015b\u0107 oboj\u0119tnie. Kolekcja, kt\u00f3ra \u0142\u0105czy design z tradycyjnym rzemios\u0142em \u201eLe Jardin d\u2019Alo\u00e8s\u201d to wyj\u0105tkowo designerska\u2026 <a class=\"wp-block-latest-posts__read-more\" href=\"https:\/\/www.zarzecka.pl\/?p=1168\" rel=\"noopener noreferrer\">Read more<span class=\"screen-reader-text\">: Le Jardin d&#8217;Alo\u00e8s \u2013 rze\u017abiarski ogr\u00f3d na \u015bcianie. Luksus, faktura i sztuka we wn\u0119trzach<\/span><\/a><\/div><\/li>\n<\/ul>\n\n<hr class=\"wp-block-separator has-alpha-channel-opacity is-style-default\"\/>\n\n\n<div class=\"wp-block-cover alignfull has-parallax productfeatures\" style=\"padding-top:140px;padding-bottom:140px;min-height:600px;aspect-ratio:unset;\"><span aria-hidden=\"true\" class=\"wp-block-cover__background has-background-dim-70 has-background-dim\" style=\"background-color:#6a6b69\"><\/span><div class=\"wp-block-cover__image-background wp-image-492 has-parallax\" style=\"background-position:50% 50%;background-image:url(https:\/\/www.zarzecka.pl\/wp-content\/uploads\/2024\/10\/Zdjecie-WhatsApp-2024-10-14-o-16.23.39_9377a021.jpg)\"><\/div><div class=\"wp-block-cover__inner-container is-layout-flow wp-block-cover-is-layout-flow\">\n\n<div class=\"wp-block-columns animated fadeInUpShort delay-500 is-layout-flex wp-container-core-columns-is-layout-28f84493 wp-block-columns-is-layout-flex\">\n\n<div class=\"wp-block-column is-layout-flow wp-block-column-is-layout-flow\" style=\"flex-basis:33.33%\">\n\n<h2 class=\"wp-block-heading\">Nasza oferta<\/h2>\n\n<\/div>\n\n\n<div class=\"wp-block-column is-layout-flow wp-block-column-is-layout-flow\" style=\"flex-basis:66.66%\">\n\n<div class=\"wp-block-columns is-layout-flex wp-container-core-columns-is-layout-b1f8107d wp-block-columns-is-layout-flex\">\n\n<div class=\"wp-block-column is-layout-flow wp-block-column-is-layout-flow\">\n\n<h2 class=\"wp-block-heading has-upper-medium-font-size\">Projekty dekoracji okiennych i szycie na miar\u0119<\/h2>\n\n\n<p>Wszystkie dekoracje s\u0105 wykonywane na zam\u00f3wienie z dba\u0142o\u015bci\u0105 o ka\u017cdy szczeg\u00f3\u0142.<\/p>\n\n\n<p>Oferujemy pe\u0142en zakres us\u0142ug monta\u017cowych, dzi\u0119ki czemu Twoje dekoracje zostan\u0105 zamontowane profesjonalnie.<\/p>\n\n\n<h2 class=\"wp-block-heading has-upper-medium-font-size\">Tapety i ok\u0142adziny \u015bcienne<\/h2>\n\n\n<p>Odkryj nasz szeroki wyb\u00f3r wysokiej jako\u015bci tapet. Od g\u0142adkich i mocnych tapet winylowych z niebanalnymi strukturami po fantazyjne murale i opcje niestandardowe jak dekoracyjne ok\u0142adziny \u015bcienne poprawiaj\u0105ce komfort akustyczny&nbsp;we&nbsp;wn\u0119trzach.<\/p>\n\n<\/div>\n\n\n<div class=\"wp-block-column is-layout-flow wp-block-column-is-layout-flow\">\n\n<h2 class=\"wp-block-heading has-upper-medium-font-size\">Meble tapicerowane na zam\u00f3wienie<\/h2>\n\n\n<p>Realizujemy projekty mebli na zam\u00f3wienie dostosowuj\u0105c si\u0119 do Twoich potrzeb, wizji&nbsp;i&nbsp;estetyki.<\/p>\n\n\n<p>Posiadamy najwy\u017cszej jako\u015bci tkaniny tapicerskie<\/p>\n\n\n<h2 class=\"wp-block-heading has-upper-medium-font-size\">Spersonalizowane akcesoria do wystroju wn\u0119trz<\/h2>\n\n\n<p>Wyj\u015bcie poza schemat i personalizacja to idea przy\u015bwiecaj\u0105ca nam w doborze i tworzeniu dodatk\u00f3w do Twojego wn\u0119trza. Zapraszamy u nas znajdziesz moc pi\u0119knych dodatk\u00f3w tekstylnych takich jak: poduchy, pledy, narzuty na \u0142\u00f3\u017cka oraz wysokiej jako\u015bci dywany. Zach\u0119camy do kontaktu z nami z przyjemno\u015bci\u0105 doradzimy i pomo\u017cemy wybra\u0107 najlepsze rozwi\u0105zania dla&nbsp;Twojego&nbsp;domu.<\/p>\n\n<\/div>\n\n<\/div>\n\n<\/div>\n\n<\/div>\n\n<\/div><\/div>\n\n\n<div style=\"height:50px\" aria-hidden=\"true\" class=\"wp-block-spacer\"><\/div>\n\n\n<div class=\"wp-block-columns alignwide processblock is-layout-flex wp-container-core-columns-is-layout-28f84493 wp-block-columns-is-layout-flex\">\n\n<div class=\"wp-block-column animated fadeInUpShort delay-500 is-layout-flow wp-block-column-is-layout-flow\">\n\n<div class=\"wp-block-group is-layout-flow wp-block-group-is-layout-flow\">\n\n<h2 class=\"wp-block-heading\">Dowiedz si\u0119 wi\u0119cej jak pracujemy<\/h2>\n\n\n<p>ZARZECKA Concept Store stworzyli\u015bmy z&nbsp;pasji do&nbsp;tworzenia nietuzinkowych projekt\u00f3w. Aran\u017cujemy r\u00f3\u017cnorodne&nbsp;<strong>dekoracje okienne<\/strong>&nbsp;\u2013 zawsze staramy&nbsp;si\u0119 w&nbsp;pe\u0142ni wykorzystywa\u0107 do&nbsp;tego nasz\u0105 wra\u017cliwo\u015b\u0107, do\u015bwiadczenie, znajomo\u015b\u0107 produkt\u00f3w oraz&nbsp;umiej\u0119tno\u015b\u0107 ws\u0142uchiwania&nbsp;si\u0119 w&nbsp;konkretne zapotrzebowania i&nbsp;mo\u017cliwo\u015bci klient\u00f3w naszej pracowni.<\/p>\n\n\n<div class=\"wp-block-buttons is-layout-flex wp-block-buttons-is-layout-flex\">\n\n<div class=\"wp-block-button is-style-fill\"><a class=\"wp-block-button__link wp-element-button\" href=\"\/?page_id=289\">O NAS<\/a><\/div>\n\n<\/div>\n\n<\/div>\n\n<\/div>\n\n\n<div class=\"wp-block-column is-layout-flow wp-block-column-is-layout-flow\">\n\n<div class=\"wp-block-cover is-light\" style=\"min-height:500px;aspect-ratio:unset;\"><span aria-hidden=\"true\" class=\"wp-block-cover__background has-foreground-background-color has-background-dim-0 has-background-dim\"><\/span><video class=\"wp-block-cover__video-background intrinsic-ignore\" autoplay muted loop playsinline src=\"https:\/\/www.zarzecka.pl\/wp-content\/uploads\/2024\/11\/Wideo-WhatsApp-2024-11-10-o-20.40.37_e60b8407.mp4\" data-object-fit=\"cover\"><\/video><div class=\"wp-block-cover__inner-container is-layout-flow wp-block-cover-is-layout-flow\">\n\n<p class=\"has-text-align-center has-large-font-size\"><\/p>\n\n<\/div><\/div>\n\n<\/div>\n\n<\/div>\n\n","protected":false},"excerpt":{"rendered":"<p>Partnerzy Zainspiruj si\u0119 Dowiedz si\u0119 wi\u0119cej jak pracujemy ZARZECKA Concept Store stworzyli\u015bmy z&nbsp;pasji do&nbsp;tworzenia nietuzinkowych projekt\u00f3w. Aran\u017cujemy r\u00f3\u017cnorodne&nbsp;dekoracje okienne&nbsp;\u2013 zawsze staramy&nbsp;si\u0119 w&nbsp;pe\u0142ni wykorzystywa\u0107 do&nbsp;tego nasz\u0105 wra\u017cliwo\u015b\u0107, do\u015bwiadczenie, znajomo\u015b\u0107 produkt\u00f3w oraz&nbsp;umiej\u0119tno\u015b\u0107 ws\u0142uchiwania&nbsp;si\u0119 w&nbsp;konkretne zapotrzebowania i&nbsp;mo\u017cliwo\u015bci klient\u00f3w naszej pracowni.<\/p>\n","protected":false},"author":1,"featured_media":0,"parent":0,"menu_order":0,"comment_status":"closed","ping_status":"closed","template":"page-large-header","meta":{"footnotes":""},"class_list":["post-109","page","type-page","status-publish","hentry"],"_links":{"self":[{"href":"https:\/\/www.zarzecka.pl\/index.php?rest_route=\/wp\/v2\/pages\/109","targetHints":{"allow":["GET"]}}],"collection":[{"href":"https:\/\/www.zarzecka.pl\/index.php?rest_route=\/wp\/v2\/pages"}],"about":[{"href":"https:\/\/www.zarzecka.pl\/index.php?rest_route=\/wp\/v2\/types\/page"}],"author":[{"embeddable":true,"href":"https:\/\/www.zarzecka.pl\/index.php?rest_route=\/wp\/v2\/users\/1"}],"replies":[{"embeddable":true,"href":"https:\/\/www.zarzecka.pl\/index.php?rest_route=%2Fwp%2Fv2%2Fcomments&post=109"}],"version-history":[{"count":52,"href":"https:\/\/www.zarzecka.pl\/index.php?rest_route=\/wp\/v2\/pages\/109\/revisions"}],"predecessor-version":[{"id":1292,"href":"https:\/\/www.zarzecka.pl\/index.php?rest_route=\/wp\/v2\/pages\/109\/revisions\/1292"}],"wp:attachment":[{"href":"https:\/\/www.zarzecka.pl\/index.php?rest_route=%2Fwp%2Fv2%2Fmedia&parent=109"}],"curies":[{"name":"wp","href":"https:\/\/api.w.org\/{rel}","templated":true}]}}