{"id":289,"date":"2022-10-17T08:43:58","date_gmt":"2022-10-17T08:43:58","guid":{"rendered":"https:\/\/demo.vivathemes.com\/vignette\/?page_id=61"},"modified":"2026-03-10T21:13:27","modified_gmt":"2026-03-10T21:13:27","slug":"about-us","status":"publish","type":"page","link":"https:\/\/www.zarzecka.pl\/?page_id=289","title":{"rendered":"O nas"},"content":{"rendered":"\n<div class=\"wp-block-cover alignfull has-custom-content-position is-position-top-center\" style=\"padding-top:0px;padding-right:0px;padding-bottom:0px;padding-left:0px;min-height:70vh;aspect-ratio:unset;\"><img loading=\"lazy\" decoding=\"async\" width=\"1263\" height=\"1579\" class=\"wp-block-cover__image-background wp-image-605\" alt=\"\" src=\"http:\/\/83.0.252.186\/zarzecka\/wp-content\/uploads\/2024\/11\/Zdjecie-WhatsApp-2024-11-10-o-19.41.41_c246b05e.jpg\" data-object-fit=\"cover\" srcset=\"https:\/\/www.zarzecka.pl\/wp-content\/uploads\/2024\/11\/Zdjecie-WhatsApp-2024-11-10-o-19.41.41_c246b05e.jpg 1263w, https:\/\/www.zarzecka.pl\/wp-content\/uploads\/2024\/11\/Zdjecie-WhatsApp-2024-11-10-o-19.41.41_c246b05e-240x300.jpg 240w, https:\/\/www.zarzecka.pl\/wp-content\/uploads\/2024\/11\/Zdjecie-WhatsApp-2024-11-10-o-19.41.41_c246b05e-819x1024.jpg 819w, https:\/\/www.zarzecka.pl\/wp-content\/uploads\/2024\/11\/Zdjecie-WhatsApp-2024-11-10-o-19.41.41_c246b05e-768x960.jpg 768w, https:\/\/www.zarzecka.pl\/wp-content\/uploads\/2024\/11\/Zdjecie-WhatsApp-2024-11-10-o-19.41.41_c246b05e-1229x1536.jpg 1229w, https:\/\/www.zarzecka.pl\/wp-content\/uploads\/2024\/11\/Zdjecie-WhatsApp-2024-11-10-o-19.41.41_c246b05e-640x800.jpg 640w\" sizes=\"auto, (max-width: 1263px) 100vw, 1263px\" \/><span aria-hidden=\"true\" class=\"wp-block-cover__background has-foreground-background-color has-background-dim-20 has-background-dim\"><\/span><div class=\"wp-block-cover__inner-container is-layout-flow wp-block-cover-is-layout-flow\">\n<div class=\"wp-block-group alignfull largeheader has-background-color has-text-color has-link-color wp-elements-36a432ca6f7a3330c54de064aac94858 is-layout-constrained wp-block-group-is-layout-constrained\" style=\"padding-top:0px;padding-bottom:100px\"><header class=\"alignwide wp-block-template-part\">\n<div class=\"wp-block-group alignwide is-nowrap is-layout-flex wp-container-core-group-is-layout-b3b4086d wp-block-group-is-layout-flex\" style=\"padding-bottom:70px\">\n<div class=\"wp-block-group headerleft is-nowrap is-layout-flex wp-container-core-group-is-layout-6c531013 wp-block-group-is-layout-flex\"><nav style=\"font-style:normal;font-weight:600;text-transform:capitalize;\" class=\"has-upper-medium-font-size is-responsive items-justified-left wp-block-navigation is-content-justification-left is-layout-flex wp-container-core-navigation-is-layout-9a64770e wp-block-navigation-is-layout-flex\" aria-label=\"Menu\" \n\t\t data-wp-interactive=\"core\/navigation\" data-wp-context='{\"overlayOpenedBy\":{\"click\":false,\"hover\":false,\"focus\":false},\"type\":\"overlay\",\"roleAttribute\":\"\",\"ariaLabel\":\"Menu\"}'><button aria-haspopup=\"dialog\" aria-label=\"Open menu\" class=\"wp-block-navigation__responsive-container-open always-shown\" \n\t\t\t\tdata-wp-on--click=\"actions.openMenuOnClick\"\n\t\t\t\tdata-wp-on--keydown=\"actions.handleMenuKeydown\"\n\t\t\t><svg width=\"24\" height=\"24\" xmlns=\"http:\/\/www.w3.org\/2000\/svg\" viewBox=\"0 0 24 24\" aria-hidden=\"true\" focusable=\"false\"><path d=\"M4 7.5h16v1.5H4z\"><\/path><path d=\"M4 15h16v1.5H4z\"><\/path><\/svg><\/button>\n\t\t\t\t<div class=\"wp-block-navigation__responsive-container hidden-by-default\"  id=\"modal-1\" \n\t\t\t\tdata-wp-class--has-modal-open=\"state.isMenuOpen\"\n\t\t\t\tdata-wp-class--is-menu-open=\"state.isMenuOpen\"\n\t\t\t\tdata-wp-watch=\"callbacks.initMenu\"\n\t\t\t\tdata-wp-on--keydown=\"actions.handleMenuKeydown\"\n\t\t\t\tdata-wp-on--focusout=\"actions.handleMenuFocusout\"\n\t\t\t\ttabindex=\"-1\"\n\t\t\t>\n\t\t\t\t\t<div class=\"wp-block-navigation__responsive-close\" tabindex=\"-1\">\n\t\t\t\t\t\t<div class=\"wp-block-navigation__responsive-dialog\" \n\t\t\t\tdata-wp-bind--aria-modal=\"state.ariaModal\"\n\t\t\t\tdata-wp-bind--aria-label=\"state.ariaLabel\"\n\t\t\t\tdata-wp-bind--role=\"state.roleAttribute\"\n\t\t\t>\n\t\t\t\t\t\t\t<button aria-label=\"Close menu\" class=\"wp-block-navigation__responsive-container-close\" \n\t\t\t\tdata-wp-on--click=\"actions.closeMenuOnClick\"\n\t\t\t><svg xmlns=\"http:\/\/www.w3.org\/2000\/svg\" viewBox=\"0 0 24 24\" width=\"24\" height=\"24\" aria-hidden=\"true\" focusable=\"false\"><path d=\"m13.06 12 6.47-6.47-1.06-1.06L12 10.94 5.53 4.47 4.47 5.53 10.94 12l-6.47 6.47 1.06 1.06L12 13.06l6.47 6.47 1.06-1.06L13.06 12Z\"><\/path><\/svg><\/button>\n\t\t\t\t\t\t\t<div class=\"wp-block-navigation__responsive-container-content\" \n\t\t\t\tdata-wp-watch=\"callbacks.focusFirstElement\"\n\t\t\t id=\"modal-1-content\">\n\t\t\t\t\t\t\t\t<ul style=\"font-style:normal;font-weight:600;text-transform:capitalize;\" class=\"wp-block-navigation__container has-upper-medium-font-size is-responsive items-justified-left wp-block-navigation has-upper-medium-font-size\"><li class=\"has-upper-medium-font-size wp-block-navigation-item wp-block-navigation-link\"><a class=\"wp-block-navigation-item__content\"  href=\"https:\/\/www.zarzecka.pl\"><span class=\"wp-block-navigation-item__label\">Strona g\u0142\u00f3wna<\/span><\/a><\/li><li class=\"has-upper-medium-font-size wp-block-navigation-item wp-block-navigation-link\"><a class=\"wp-block-navigation-item__content\"  href=\"\/?page_id=289\"><span class=\"wp-block-navigation-item__label\">O nas<\/span><\/a><\/li><li class=\"has-upper-medium-font-size wp-block-navigation-item wp-block-navigation-link\"><a class=\"wp-block-navigation-item__content\"  href=\"\/?page_id=138\"><span class=\"wp-block-navigation-item__label\">Blog<\/span><\/a><\/li><li class=\"has-upper-medium-font-size wp-block-navigation-item wp-block-navigation-link\"><a class=\"wp-block-navigation-item__content\"  href=\"\/?page_id=290\"><span class=\"wp-block-navigation-item__label\">Kontakt<\/span><\/a><\/li><\/ul>\n\t\t\t\t\t\t\t<\/div>\n\t\t\t\t\t\t<\/div>\n\t\t\t\t\t<\/div>\n\t\t\t\t<\/div><\/nav>\n\n\n<div class=\"wp-block-outermost-icon-block search-main\"><a class=\"icon-container has-no-icon-fill-color\" href=\"#\" style=\"width:24px;transform:rotate(0deg) scaleX(1) scaleY(1)\"><svg viewBox=\"0 0 24 24\" width=\"24\" height=\"24\" stroke=\"currentColor\" stroke-width=\"2\" fill=\"none\" stroke-linecap=\"round\" stroke-linejoin=\"round\" class=\"css-i6dzq1\"><circle cx=\"11\" cy=\"11\" r=\"8\"><\/circle><line x1=\"21\" y1=\"21\" x2=\"16.65\" y2=\"16.65\"><\/line><\/svg><\/a><\/div>\n<\/div>\n\n\n\n<div class=\"wp-block-group logoblock is-vertical is-content-justification-center is-nowrap is-layout-flex wp-container-core-group-is-layout-8c2f1c61 wp-block-group-is-layout-flex\"><div class=\"wp-block-site-logo\"><a href=\"https:\/\/www.zarzecka.pl\/\" class=\"custom-logo-link\" rel=\"home\"><img loading=\"lazy\" decoding=\"async\" width=\"50\" height=\"78\" src=\"https:\/\/www.zarzecka.pl\/wp-content\/uploads\/2024\/10\/ZA.png\" class=\"custom-logo\" alt=\"ZARZECKA Atelier\" srcset=\"https:\/\/www.zarzecka.pl\/wp-content\/uploads\/2024\/10\/ZA.png 3629w, https:\/\/www.zarzecka.pl\/wp-content\/uploads\/2024\/10\/ZA-191x300.png 191w, https:\/\/www.zarzecka.pl\/wp-content\/uploads\/2024\/10\/ZA-650x1024.png 650w, https:\/\/www.zarzecka.pl\/wp-content\/uploads\/2024\/10\/ZA-768x1209.png 768w, https:\/\/www.zarzecka.pl\/wp-content\/uploads\/2024\/10\/ZA-976x1536.png 976w, https:\/\/www.zarzecka.pl\/wp-content\/uploads\/2024\/10\/ZA-1301x2048.png 1301w, https:\/\/www.zarzecka.pl\/wp-content\/uploads\/2024\/10\/ZA-508x800.png 508w\" sizes=\"auto, (max-width: 50px) 100vw, 50px\" \/><\/a><\/div>\n\n<h1 style=\"font-size:22px;\" class=\"wp-block-site-title\"><a href=\"https:\/\/www.zarzecka.pl\" target=\"_self\" rel=\"home\">ZARZECKA Atelier<\/a><\/h1><\/div>\n\n\n\n<div class=\"wp-block-group headerright is-content-justification-right is-nowrap is-layout-flex wp-container-core-group-is-layout-17124a9a wp-block-group-is-layout-flex\">\n<div class=\"wp-block-outermost-icon-block\"><div class=\"icon-container has-no-icon-fill-color\" style=\"width:24px;transform:rotate(0deg) scaleX(1) scaleY(1)\"><svg viewBox=\"0 0 24 24\" width=\"24\" height=\"24\" stroke=\"currentColor\" stroke-width=\"2\" fill=\"none\" stroke-linecap=\"round\" stroke-linejoin=\"round\" class=\"css-i6dzq1\"><path d=\"M20 21v-2a4 4 0 0 0-4-4H8a4 4 0 0 0-4 4v2\"><\/path><circle cx=\"12\" cy=\"7\" r=\"4\"><\/circle><\/svg><\/div><\/div>\n\n\n<\/div>\n<\/div>\n<\/header>\n\n\n<div class=\"wp-block-columns alignwide is-layout-flex wp-container-core-columns-is-layout-28f84493 wp-block-columns-is-layout-flex\">\n<div class=\"wp-block-column is-layout-flow wp-block-column-is-layout-flow\" style=\"flex-basis:50%\">\n<h1 class=\"wp-block-heading animated fadeInUpShort delay-250 has-max-130-font-size\" style=\"line-height:1\">o nas<\/h1>\n\n\n\n<p class=\"animated fadeInUpShort delay-500\">Stawiamy na&nbsp;po\u0142\u0105czenie do\u015bwiadczenia i&nbsp;nauki. Inspirujemy Was do&nbsp;tworzenia niebanalnych i&nbsp;unikatowych wn\u0119trz&nbsp;<\/p>\n\n\n\n<div style=\"height:1px\" aria-hidden=\"true\" class=\"wp-block-spacer\"><\/div>\n<\/div>\n\n\n\n<div class=\"wp-block-column is-layout-flow wp-block-column-is-layout-flow\"><\/div>\n<\/div>\n<\/div>\n<\/div><\/div>\n\n\n\n<div style=\"height:50px\" aria-hidden=\"true\" class=\"wp-block-spacer\"><\/div>\n\n\n\n<div class=\"wp-block-columns alignwide processblock is-layout-flex wp-container-core-columns-is-layout-28f84493 wp-block-columns-is-layout-flex\">\n<div class=\"wp-block-column animated fadeInUpShort delay-500 is-layout-flow wp-block-column-is-layout-flow\">\n<div class=\"wp-block-group is-layout-flow wp-block-group-is-layout-flow\">\n<h2 class=\"wp-block-heading\">O naszej firmie<\/h2>\n\n\n\n<p>Tworzymy jedyny w&nbsp;swoim rodzaju zawodowy duet. W&nbsp;\u017cyciu prywatnym jeste\u015bmy ma\u0142\u017ce\u0144stwem, co pozwala nam dobrze&nbsp;si\u0119 rozumie\u0107 i&nbsp;uzupe\u0142nia\u0107 w&nbsp;wielu dziedzinach, kt\u00f3rymi uwielbiamy zajmowa\u0107&nbsp;si\u0119 na&nbsp;co dzie\u0144 w&nbsp;naszej pracowni. ZARZECKA Concept Store dzia\u0142a od&nbsp;2005 roku. W&nbsp;ci\u0105gu tych kilkunastu lat wypracowali\u015bmy wysoki standard \u015bwiadczonych us\u0142ug, na&nbsp;kt\u00f3ry sk\u0142ada&nbsp;si\u0119 szeroka wiedza techniczna oraz&nbsp;nietuzinkowe podej\u015bcie do&nbsp;zleconych nam projekt\u00f3w. <\/p>\n\n\n\n<div class=\"wp-block-buttons is-layout-flex wp-block-buttons-is-layout-flex\">\n<div class=\"wp-block-button is-style-fill\"><a class=\"wp-block-button__link wp-element-button\" href=\"\/?page_id=290\">B\u0105d\u0179my w kotakcie<\/a><\/div>\n<\/div>\n<\/div>\n<\/div>\n\n\n\n<div class=\"wp-block-column is-layout-flow wp-block-column-is-layout-flow\">\n<div class=\"wp-block-cover is-light\" style=\"min-height:500px;aspect-ratio:unset;\"><img loading=\"lazy\" decoding=\"async\" width=\"1600\" height=\"1418\" class=\"wp-block-cover__image-background wp-image-560\" alt=\"\" src=\"https:\/\/www.zarzecka.pl\/wp-content\/uploads\/2024\/11\/Zdjecie-WhatsApp-2024-11-10-o-17.00.25_eae061e0.jpg\" data-object-fit=\"cover\" srcset=\"https:\/\/www.zarzecka.pl\/wp-content\/uploads\/2024\/11\/Zdjecie-WhatsApp-2024-11-10-o-17.00.25_eae061e0.jpg 1600w, https:\/\/www.zarzecka.pl\/wp-content\/uploads\/2024\/11\/Zdjecie-WhatsApp-2024-11-10-o-17.00.25_eae061e0-300x266.jpg 300w, https:\/\/www.zarzecka.pl\/wp-content\/uploads\/2024\/11\/Zdjecie-WhatsApp-2024-11-10-o-17.00.25_eae061e0-1024x908.jpg 1024w, https:\/\/www.zarzecka.pl\/wp-content\/uploads\/2024\/11\/Zdjecie-WhatsApp-2024-11-10-o-17.00.25_eae061e0-768x681.jpg 768w, https:\/\/www.zarzecka.pl\/wp-content\/uploads\/2024\/11\/Zdjecie-WhatsApp-2024-11-10-o-17.00.25_eae061e0-1536x1361.jpg 1536w, https:\/\/www.zarzecka.pl\/wp-content\/uploads\/2024\/11\/Zdjecie-WhatsApp-2024-11-10-o-17.00.25_eae061e0-800x709.jpg 800w\" sizes=\"auto, (max-width: 1600px) 100vw, 1600px\" \/><span aria-hidden=\"true\" class=\"wp-block-cover__background has-foreground-background-color has-background-dim-0 has-background-dim\"><\/span><div class=\"wp-block-cover__inner-container is-layout-flow wp-block-cover-is-layout-flow\">\n<p class=\"has-text-align-center has-large-font-size\"><\/p>\n<\/div><\/div>\n<\/div>\n<\/div>\n\n\n\n<div style=\"height:50px\" aria-hidden=\"true\" class=\"wp-block-spacer\"><\/div>\n\n\n\n<p>Pomagamy Wam we wszystkich etapach realizacji projektu, na&nbsp;ka\u017cde pytanie staramy&nbsp;si\u0119 udzieli\u0107 wyczerpuj\u0105cej odpowiedzi, co pozwala nam stworzy\u0107 relacj\u0119 opart\u0105 na&nbsp;wzajemnym zrozumieniu i&nbsp;zaufaniu.&nbsp;<strong>Stawiamy na&nbsp;po\u0142\u0105czenie do\u015bwiadczenia i&nbsp;nauki<\/strong>. To&nbsp;pierwsze daje nam codzienna praca w&nbsp;atelier oraz&nbsp;spotkanie bran\u017cowe, natomiast drugie \u2013 regularne szkolenia, wyjazdy na&nbsp;targi og\u00f3lnopolskie i&nbsp;zagraniczne umo\u017cliwiaj\u0105 nam \u015bledzenie aktualnych trend\u00f3w i&nbsp;rozwi\u0105za\u0144. ZARZECKA Concept Store jest w\u0142a\u015bciwie naturalnym dope\u0142nieniem naszego \u017cycia, \u0142\u0105cz\u0105cym fantazj\u0119 w&nbsp;aran\u017cacji wn\u0119trz z&nbsp;przemy\u015blan\u0105 funkcjonalno\u015bci\u0105. Misj\u0105 naszej pracowni jest&nbsp;<strong>inspirowanie Was do&nbsp;tworzenia niebanalnych i&nbsp;unikatowych wn\u0119trz<\/strong>&nbsp;\u2013 znamy&nbsp;si\u0119 na&nbsp;swojej pracy i&nbsp;ka\u017cdego dnia widzimy, jak wiele rado\u015bci przynosz\u0105 Wam wn\u0119trza skrojone na&nbsp;miar\u0119. Znajdziecie u&nbsp;nas tkaniny \u015bwiatowej klasy marek takich jak: Pierre Frey, Misia, Nobilis, Elitis, Casamance i&nbsp;wiele innych. Zapraszamy Was do&nbsp;obejrzenia tkanin i&nbsp;dodatk\u00f3w w&nbsp;ZARZECKA Concept Store oraz&nbsp;skonsultowania swoich wn\u0119trzarskich inspiracji!<\/p>\n\n\n\n<div style=\"height:50px\" aria-hidden=\"true\" class=\"wp-block-spacer\"><\/div>\n\n\n\n<div class=\"wp-block-cover alignfull has-parallax\" style=\"min-height:500px;aspect-ratio:unset;\"><div class=\"wp-block-cover__image-background wp-image-62 has-parallax\" style=\"background-position:50% 50%;background-image:url(http:\/\/83.0.252.186\/zarzecka\/wp-content\/uploads\/2022\/10\/asia-culturecenter-b0kpzPPXj1Y-unsplash.jpg)\"><\/div><span aria-hidden=\"true\" class=\"wp-block-cover__background has-background-dim-40 has-background-dim\"><\/span><div class=\"wp-block-cover__inner-container is-layout-flow wp-block-cover-is-layout-flow\">\n<p class=\"has-text-align-center alignwide has-large-font-size\">Spersonalizowane dekoracje z dba\u0142o\u015bci\u0105 o szczeg\u00f3\u0142y.<\/p>\n<\/div><\/div>\n\n\n\n<div style=\"height:50px\" aria-hidden=\"true\" class=\"wp-block-spacer\"><\/div>\n\n\n\n<div class=\"wp-block-group alignwide animated fadeIn delay-250 is-layout-flow wp-block-group-is-layout-flow\">\n<h2 class=\"wp-block-heading\">Nasz zesp\u00f3\u0142<\/h2>\n\n\n\n<p class=\"has-text-align-left\"><strong>Magda<\/strong>&nbsp;jest dekoratork\u0105, stylizuje i&nbsp;ociepla wn\u0119trza. Doradza w&nbsp;wyborze najlepszych system\u00f3w karniszy, \u017caluzji, rolet, dodatk\u00f3w oraz&nbsp;mebli tapicerowanych. S\u0142u\u017cy rad\u0105 w&nbsp;doborze tkanin na&nbsp;dekoracje okienne oraz&nbsp;projektuje unikatowe, r\u0119cznie tkane dywany na&nbsp;miar\u0119. W&nbsp;swojej codziennej pracy zawsze uwzgl\u0119dnia upodobania klienta, wpisuje&nbsp;si\u0119 w&nbsp;jego&nbsp;styl \u2013 jest jednocze\u015bnie tw\u00f3rc\u0105 i&nbsp;towarzyszem ka\u017cdego projektu. Jej&nbsp;czujne oko i&nbsp;wyobra\u017ania tworz\u0105 unikalne koncepcje dekoracji tekstylnych z&nbsp;wykorzystaniem wysokiej jako\u015bci tkanin, tapet czy&nbsp;ok\u0142adzin \u015bciennych.<\/p>\n\n\n\n<p><strong>Dariusz<\/strong>&nbsp;jest specjalist\u0105 w&nbsp;zakresie automatyki budynkowej. Specjalizuje&nbsp;si\u0119 w&nbsp;elektryce, integracji oraz&nbsp;projektach przes\u0142on okiennych, ze szczeg\u00f3lnym uwzgl\u0119dnieniem tych o&nbsp;nietypowych kszta\u0142tach. Realizuje wiele innowacyjnych pomys\u0142\u00f3w, kt\u00f3re nierzadko wykorzystuje w&nbsp;budynkach pasywnych, domach o&nbsp;najwy\u017cszym standardzie energetycznym czy&nbsp;budynkach z&nbsp;naturalnych materia\u0142\u00f3w. Akustyka przestrzeni, d\u017awi\u0119koszczelno\u015b\u0107 czy&nbsp;izolacja termiczna \u2013 to&nbsp;aspekty, kt\u00f3re le\u017c\u0105 w&nbsp;kr\u0119gu jego&nbsp;zainteresowa\u0144 technicznych oraz&nbsp;w&nbsp;kt\u00f3rych ma kilkunastoletnie do\u015bwiadczenie.<\/p>\n<\/div>\n\n\n\n<div style=\"height:10px\" aria-hidden=\"true\" class=\"wp-block-spacer\"><\/div>\n\n\n\n<div class=\"wp-block-columns alignwide teammembers is-layout-flex wp-container-core-columns-is-layout-d2ca7aa4 wp-block-columns-is-layout-flex\">\n<div class=\"wp-block-column is-layout-flow wp-block-column-is-layout-flow\">\n<figure class=\"wp-block-image aligncenter size-full is-resized is-style-rounded\"><img loading=\"lazy\" decoding=\"async\" width=\"704\" height=\"704\" src=\"http:\/\/83.0.252.186\/zarzecka\/wp-content\/uploads\/2024\/11\/Zdjecie-WhatsApp-2024-11-10-o-17.16.14_67bdad73.jpg\" alt=\"\" class=\"wp-image-572\" style=\"width:376px\" srcset=\"https:\/\/www.zarzecka.pl\/wp-content\/uploads\/2024\/11\/Zdjecie-WhatsApp-2024-11-10-o-17.16.14_67bdad73.jpg 704w, https:\/\/www.zarzecka.pl\/wp-content\/uploads\/2024\/11\/Zdjecie-WhatsApp-2024-11-10-o-17.16.14_67bdad73-300x300.jpg 300w, https:\/\/www.zarzecka.pl\/wp-content\/uploads\/2024\/11\/Zdjecie-WhatsApp-2024-11-10-o-17.16.14_67bdad73-150x150.jpg 150w\" sizes=\"auto, (max-width: 704px) 100vw, 704px\" \/><\/figure>\n\n\n\n<h3 class=\"wp-block-heading has-text-align-center has-upper-medium-font-size\">Magdalena Zarzecka-Stolarczyk<\/h3>\n\n\n\n<p class=\"has-text-align-center has-secondary-color has-text-color\">Dekoratorka<\/p>\n<\/div>\n\n\n\n<div class=\"wp-block-column is-layout-flow wp-block-column-is-layout-flow\">\n<figure class=\"wp-block-image aligncenter size-full is-resized is-style-rounded\"><img loading=\"lazy\" decoding=\"async\" width=\"1080\" height=\"1080\" src=\"http:\/\/83.0.252.186\/zarzecka\/wp-content\/uploads\/2024\/11\/Zdjecie-WhatsApp-2024-10-18-o-13.57.24_f15f0ed6.jpg\" alt=\"\" class=\"wp-image-569\" style=\"width:376px;height:auto\" srcset=\"https:\/\/www.zarzecka.pl\/wp-content\/uploads\/2024\/11\/Zdjecie-WhatsApp-2024-10-18-o-13.57.24_f15f0ed6.jpg 1080w, https:\/\/www.zarzecka.pl\/wp-content\/uploads\/2024\/11\/Zdjecie-WhatsApp-2024-10-18-o-13.57.24_f15f0ed6-300x300.jpg 300w, https:\/\/www.zarzecka.pl\/wp-content\/uploads\/2024\/11\/Zdjecie-WhatsApp-2024-10-18-o-13.57.24_f15f0ed6-1024x1024.jpg 1024w, https:\/\/www.zarzecka.pl\/wp-content\/uploads\/2024\/11\/Zdjecie-WhatsApp-2024-10-18-o-13.57.24_f15f0ed6-150x150.jpg 150w, https:\/\/www.zarzecka.pl\/wp-content\/uploads\/2024\/11\/Zdjecie-WhatsApp-2024-10-18-o-13.57.24_f15f0ed6-768x768.jpg 768w, https:\/\/www.zarzecka.pl\/wp-content\/uploads\/2024\/11\/Zdjecie-WhatsApp-2024-10-18-o-13.57.24_f15f0ed6-800x800.jpg 800w\" sizes=\"auto, (max-width: 1080px) 100vw, 1080px\" \/><\/figure>\n\n\n\n<h3 class=\"wp-block-heading has-text-align-center has-upper-medium-font-size\">Dariusz Stolarczyk<\/h3>\n\n\n\n<p class=\"has-text-align-center has-secondary-color has-text-color\">Specjalista SmartHome<\/p>\n<\/div>\n<\/div>\n\n\n\n<div style=\"height:35px\" aria-hidden=\"true\" class=\"wp-block-spacer\"><\/div>\n\n\n\n<div class=\"wp-block-group alignwide animated fadeIn delay-250 is-layout-flow wp-block-group-is-layout-flow\">\n<p>Jeste\u015bmy tu po to, aby Tw\u00f3j dom by\u0142 miejscem, w kt\u00f3rym poczujesz si\u0119 komfortowo i b\u0119dziesz m\u00f3g\u0142 cieszy\u0107 si\u0119 ka\u017cd\u0105 chwil\u0105 codziennego \u017cycia!<\/p>\n<\/div>\n\n\n\n<div style=\"height:30px\" aria-hidden=\"true\" class=\"wp-block-spacer\"><\/div>\n","protected":false},"excerpt":{"rendered":"<p>O naszej firmie Tworzymy jedyny w&nbsp;swoim rodzaju zawodowy duet. W&nbsp;\u017cyciu prywatnym jeste\u015bmy ma\u0142\u017ce\u0144stwem, co pozwala nam dobrze&nbsp;si\u0119 rozumie\u0107 i&nbsp;uzupe\u0142nia\u0107 w&nbsp;wielu dziedzinach, kt\u00f3rymi uwielbiamy zajmowa\u0107&nbsp;si\u0119 na&nbsp;co dzie\u0144 w&nbsp;naszej pracowni. ZARZECKA Concept Store dzia\u0142a od&nbsp;2005 roku. W&nbsp;ci\u0105gu tych kilkunastu lat wypracowali\u015bmy wysoki standard \u015bwiadczonych us\u0142ug, na&nbsp;kt\u00f3ry sk\u0142ada&nbsp;si\u0119 szeroka wiedza techniczna oraz&nbsp;nietuzinkowe podej\u015bcie do&nbsp;zleconych nam projekt\u00f3w. Pomagamy Wam [&hellip;]<\/p>\n","protected":false},"author":1,"featured_media":0,"parent":0,"menu_order":0,"comment_status":"closed","ping_status":"closed","template":"blank","meta":{"footnotes":""},"class_list":["post-289","page","type-page","status-publish","hentry"],"_links":{"self":[{"href":"https:\/\/www.zarzecka.pl\/index.php?rest_route=\/wp\/v2\/pages\/289","targetHints":{"allow":["GET"]}}],"collection":[{"href":"https:\/\/www.zarzecka.pl\/index.php?rest_route=\/wp\/v2\/pages"}],"about":[{"href":"https:\/\/www.zarzecka.pl\/index.php?rest_route=\/wp\/v2\/types\/page"}],"author":[{"embeddable":true,"href":"https:\/\/www.zarzecka.pl\/index.php?rest_route=\/wp\/v2\/users\/1"}],"replies":[{"embeddable":true,"href":"https:\/\/www.zarzecka.pl\/index.php?rest_route=%2Fwp%2Fv2%2Fcomments&post=289"}],"version-history":[{"count":25,"href":"https:\/\/www.zarzecka.pl\/index.php?rest_route=\/wp\/v2\/pages\/289\/revisions"}],"predecessor-version":[{"id":1294,"href":"https:\/\/www.zarzecka.pl\/index.php?rest_route=\/wp\/v2\/pages\/289\/revisions\/1294"}],"wp:attachment":[{"href":"https:\/\/www.zarzecka.pl\/index.php?rest_route=%2Fwp%2Fv2%2Fmedia&parent=289"}],"curies":[{"name":"wp","href":"https:\/\/api.w.org\/{rel}","templated":true}]}}